{"id":6276,"date":"2021-08-24T00:16:57","date_gmt":"2021-08-23T22:16:57","guid":{"rendered":"https:\/\/www.chateau-scandaillac.fr\/search-for-availability\/"},"modified":"2025-04-15T19:35:14","modified_gmt":"2025-04-15T17:35:14","slug":"search-for-availability","status":"publish","type":"page","link":"https:\/\/www.chateau-scandaillac.fr\/en\/search-for-availability\/","title":{"rendered":"Search for availability"},"content":{"rendered":"\t\t<div data-elementor-type=\"wp-page\" data-elementor-id=\"6276\" class=\"elementor elementor-6276 elementor-2404\">\n\t\t\t\t\t\t<section class=\"elementor-section elementor-top-section elementor-element elementor-element-8b13fef elementor-section-full_width elementor-section-height-default elementor-section-height-default\" data-id=\"8b13fef\" data-element_type=\"section\" data-settings=\"{&quot;background_background&quot;:&quot;classic&quot;}\">\n\t\t\t\t\t\t\t<div class=\"elementor-background-overlay\"><\/div>\n\t\t\t\t\t\t\t<div class=\"elementor-container elementor-column-gap-no\">\n\t\t\t\t\t<div class=\"elementor-column elementor-col-100 elementor-top-column elementor-element elementor-element-bada555\" data-id=\"bada555\" data-element_type=\"column\">\n\t\t\t<div class=\"elementor-widget-wrap elementor-element-populated\">\n\t\t\t\t\t\t<div class=\"elementor-element elementor-element-2c69663 elementor-widget elementor-widget-kinsley-intro\" data-id=\"2c69663\" data-element_type=\"widget\" data-widget_type=\"kinsley-intro.default\">\n\t\t\t\t<div class=\"elementor-widget-container\">\n\t\t\t\t\t\n\t\t<!-- banner -->\n\t\t<section class=\"knsl-banner-simple knsl-transition-bottom knsl-banner-white\">\n\t\t\t\t\t\t\t\n\t\t\n\t\t\t\n\t\t\t\t\t\t<div class=\"container\"><div class=\"row\"><div class=\"col-lg-12\">\n\t\t\t\t\t\t<div class=\"knsl-center knsl-title-frame\">\n\t\t\t\t\t\t\t\t<h1 class=\"knsl-title--h knsl-mb-20 knsl-h1-inner\">\n\t\t\t\t\t<span >\n\t\t\t\t\t\tSearch for availability\t\t\t\t\t<\/span>\n\t\t\t\t<\/h1>\n\t\t\t\t\t\t\t\t\t\t\t\t\t\t\t<\/div>\n\t\t\t\t\t\t<\/div><\/div><\/div>\n\t\t\t\n\t\t<\/section>\n\t\t<!-- banner end -->\n\n\t\t\t\t\t\t<\/div>\n\t\t\t\t<\/div>\n\t\t\t\t\t<\/div>\n\t\t<\/div>\n\t\t\t\t\t<\/div>\n\t\t<\/section>\n\t\t\t\t<section class=\"elementor-section elementor-top-section elementor-element elementor-element-691d587f elementor-section-boxed elementor-section-height-default elementor-section-height-default\" data-id=\"691d587f\" data-element_type=\"section\">\n\t\t\t\t\t\t<div class=\"elementor-container elementor-column-gap-default\">\n\t\t\t\t\t<div class=\"elementor-column elementor-col-100 elementor-top-column elementor-element elementor-element-59b6e012\" data-id=\"59b6e012\" data-element_type=\"column\">\n\t\t\t<div class=\"elementor-widget-wrap elementor-element-populated\">\n\t\t\t\t\t\t<div class=\"elementor-element elementor-element-10b30d5 elementor-widget elementor-widget-kinsley-mphb-search-form\" data-id=\"10b30d5\" data-element_type=\"widget\" data-widget_type=\"kinsley-mphb-search-form.default\">\n\t\t\t\t<div class=\"elementor-widget-container\">\n\t\t\t\t\t\t\t\t\t<div class=\"mphb_sc_search-wrapper  knsl-book-form knsl-book-form-2\"><form method=\"GET\" class=\"mphb_sc_search-form\" action=\"https:\/\/www.chateau-scandaillac.fr\/en\/search-results\/\">\n\n\t<p class = \"mphb-required-fields-tip\">\n\t<small>\n\t\tRequired fields are followed by\t\t<abbr title=\"required\">*<\/abbr>\n\t<\/small>\n<\/p>\n\n\t<p class=\"mphb_sc_search-check-in-date\">\n\t\t<label for=\"mphb_check_in_date-mphb-search-form-69e8bd189f389\">\n\t\t\tCheck-in\t\t\t<abbr title=\"Formatted as dd\/mm\/yyyy\">*<\/abbr>\n\t\t<\/label>\n\t\t<br \/>\n\t\t<input\n\t\t\tid=\"mphb_check_in_date-mphb-search-form-69e8bd189f389\"\n\t\t\tdata-datepick-group=\"mphb-search-form-69e8bd189f389\"\n\t\t\tvalue=\"\"\n\t\t\tplaceholder=\"Check-in Date\"\n\t\t\trequired=\"required\"\n\t\t\ttype=\"text\"\n\t\t\tname=\"mphb_check_in_date\"\n\t\t\tclass=\"mphb-datepick\"\n\t\t\tautocomplete=\"off\"\n\t\t\tinputmode=\"none\"\n\t\t\t\/>\n\t<\/p>\n\n\t<p class=\"mphb_sc_search-check-out-date\">\n\t\t<label for=\"mphb_check_out_date-mphb-search-form-69e8bd189f389\">\n\t\t\tCheck-out\t\t\t<abbr title=\"Formatted as dd\/mm\/yyyy\">*<\/abbr>\n\t\t<\/label>\n\t\t<br \/>\n\t\t<input\n\t\t\tid=\"mphb_check_out_date-mphb-search-form-69e8bd189f389\"\n\t\t\tdata-datepick-group=\"mphb-search-form-69e8bd189f389\"\n\t\t\tvalue=\"\"\n\t\t\tplaceholder=\"Check-out Date\"\n\t\t\trequired=\"required\"\n\t\t\ttype=\"text\"\n\t\t\tname=\"mphb_check_out_date\"\n\t\t\tclass=\"mphb-datepick\"\n\t\t\tautocomplete=\"off\"\n\t\t\tinputmode=\"none\"\n\t\t\t\/>\n\t<\/p>\n\n\t\t\t<p class=\"mphb_sc_search-adults\">\n\t\t\t<label for=\"mphb_adults-mphb-search-form-69e8bd189f389\">\n\t\t\t\tGuests\t\t\t<\/label>\n\t\t\t<br \/>\n\t\t\t<select id=\"mphb_adults-mphb-search-form-69e8bd189f389\" name=\"mphb_adults\" >\n\t\t\t\t\t\t\t\t\t<option value=\"1\" >1<\/option>\n\t\t\t\t\t\t\t\t\t<option value=\"2\"  selected='selected'>2<\/option>\n\t\t\t\t\t\t\t\t\t<option value=\"3\" >3<\/option>\n\t\t\t\t\t\t\t\t\t<option value=\"4\" >4<\/option>\n\t\t\t\t\t\t\t<\/select>\n\t\t<\/p>\n\t\n\t\t\t<input type=\"hidden\" id=\"mphb_children-mphb-search-form-69e8bd189f389\" name=\"mphb_children\" value=\"0\" \/>\n\t\n\t\n\t\n\t<input id=\"mphb_check_in_date-mphb-search-form-69e8bd189f389-hidden\" value=\"\" type=\"hidden\" name=\"mphb_check_in_date\" \/><input id=\"mphb_check_out_date-mphb-search-form-69e8bd189f389-hidden\" value=\"\" type=\"hidden\" name=\"mphb_check_out_date\" \/>\n\t<p class=\"mphb_sc_search-submit-button-wrapper\">\n\t\t<button type=\"submit\" class=\"button knsl-btn\">Search<\/button>\n\t<\/p>\n\n\t\n<\/form>\n<\/div>\t\t\t\t\t\t\t\t<\/div>\n\t\t\t\t<\/div>\n\t\t\t\t\t<\/div>\n\t\t<\/div>\n\t\t\t\t\t<\/div>\n\t\t<\/section>\n\t\t\t\t<\/div>\n\t\t","protected":false},"excerpt":{"rendered":"<p>Search for availability Les champs obligatoires sont suivis de * Arriv\u00e9e * D\u00e9part * Invit\u00e9s 1234 Chercher<\/p>\n","protected":false},"author":1,"featured_media":0,"parent":0,"menu_order":0,"comment_status":"closed","ping_status":"closed","template":"template-layout-builder.php","meta":{"_acf_changed":false,"footnotes":""},"class_list":["post-6276","page","type-page","status-publish","hentry"],"acf":[],"yoast_head":"<!-- This site is optimized with the Yoast SEO plugin v26.7 - https:\/\/yoast.com\/wordpress\/plugins\/seo\/ -->\n<title>Search for availability - Ch\u00e2teau de Scandaillac<\/title>\n<meta name=\"robots\" content=\"index, follow, max-snippet:-1, max-image-preview:large, max-video-preview:-1\" \/>\n<link rel=\"canonical\" href=\"https:\/\/www.chateau-scandaillac.fr\/en\/search-for-availability\/\" \/>\n<meta property=\"og:locale\" content=\"en_US\" \/>\n<meta property=\"og:type\" content=\"article\" \/>\n<meta property=\"og:title\" content=\"Search for availability - Ch\u00e2teau de Scandaillac\" \/>\n<meta property=\"og:description\" content=\"Search for availability Les champs obligatoires sont suivis de * Arriv\u00e9e * D\u00e9part * Invit\u00e9s 1234 Chercher\" \/>\n<meta property=\"og:url\" content=\"https:\/\/www.chateau-scandaillac.fr\/en\/search-for-availability\/\" \/>\n<meta property=\"og:site_name\" content=\"Ch\u00e2teau de Scandaillac\" \/>\n<meta property=\"article:modified_time\" content=\"2025-04-15T17:35:14+00:00\" \/>\n<meta name=\"twitter:card\" content=\"summary_large_image\" \/>\n<script type=\"application\/ld+json\" class=\"yoast-schema-graph\">{\"@context\":\"https:\/\/schema.org\",\"@graph\":[{\"@type\":\"WebPage\",\"@id\":\"https:\/\/www.chateau-scandaillac.fr\/en\/search-for-availability\/\",\"url\":\"https:\/\/www.chateau-scandaillac.fr\/en\/search-for-availability\/\",\"name\":\"Search for availability - Ch\u00e2teau de Scandaillac\",\"isPartOf\":{\"@id\":\"https:\/\/www.chateau-scandaillac.fr\/en\/#website\"},\"datePublished\":\"2021-08-23T22:16:57+00:00\",\"dateModified\":\"2025-04-15T17:35:14+00:00\",\"breadcrumb\":{\"@id\":\"https:\/\/www.chateau-scandaillac.fr\/en\/search-for-availability\/#breadcrumb\"},\"inLanguage\":\"en-US\",\"potentialAction\":[{\"@type\":\"ReadAction\",\"target\":[\"https:\/\/www.chateau-scandaillac.fr\/en\/search-for-availability\/\"]}]},{\"@type\":\"BreadcrumbList\",\"@id\":\"https:\/\/www.chateau-scandaillac.fr\/en\/search-for-availability\/#breadcrumb\",\"itemListElement\":[{\"@type\":\"ListItem\",\"position\":1,\"name\":\"Home\",\"item\":\"https:\/\/www.chateau-scandaillac.fr\/en\/home\/\"},{\"@type\":\"ListItem\",\"position\":2,\"name\":\"Search for availability\"}]},{\"@type\":\"WebSite\",\"@id\":\"https:\/\/www.chateau-scandaillac.fr\/en\/#website\",\"url\":\"https:\/\/www.chateau-scandaillac.fr\/en\/\",\"name\":\"Ch\u00e2teau de Scandaillac\",\"description\":\"\",\"publisher\":{\"@id\":\"https:\/\/www.chateau-scandaillac.fr\/en\/#organization\"},\"potentialAction\":[{\"@type\":\"SearchAction\",\"target\":{\"@type\":\"EntryPoint\",\"urlTemplate\":\"https:\/\/www.chateau-scandaillac.fr\/en\/?s={search_term_string}\"},\"query-input\":{\"@type\":\"PropertyValueSpecification\",\"valueRequired\":true,\"valueName\":\"search_term_string\"}}],\"inLanguage\":\"en-US\"},{\"@type\":\"Organization\",\"@id\":\"https:\/\/www.chateau-scandaillac.fr\/en\/#organization\",\"name\":\"Ch\u00e2teau de Scandaillac\",\"url\":\"https:\/\/www.chateau-scandaillac.fr\/en\/\",\"logo\":{\"@type\":\"ImageObject\",\"inLanguage\":\"en-US\",\"@id\":\"https:\/\/www.chateau-scandaillac.fr\/en\/#\/schema\/logo\/image\/\",\"url\":\"https:\/\/www.chateau-scandaillac.fr\/wp-content\/uploads\/2021\/11\/chateau-scandaillac-logo-black.png\",\"contentUrl\":\"https:\/\/www.chateau-scandaillac.fr\/wp-content\/uploads\/2021\/11\/chateau-scandaillac-logo-black.png\",\"width\":706,\"height\":227,\"caption\":\"Ch\u00e2teau de Scandaillac\"},\"image\":{\"@id\":\"https:\/\/www.chateau-scandaillac.fr\/en\/#\/schema\/logo\/image\/\"}}]}<\/script>\n<!-- \/ Yoast SEO plugin. -->","yoast_head_json":{"title":"Search for availability - Ch\u00e2teau de Scandaillac","robots":{"index":"index","follow":"follow","max-snippet":"max-snippet:-1","max-image-preview":"max-image-preview:large","max-video-preview":"max-video-preview:-1"},"canonical":"https:\/\/www.chateau-scandaillac.fr\/en\/search-for-availability\/","og_locale":"en_US","og_type":"article","og_title":"Search for availability - Ch\u00e2teau de Scandaillac","og_description":"Search for availability Les champs obligatoires sont suivis de * Arriv\u00e9e * D\u00e9part * Invit\u00e9s 1234 Chercher","og_url":"https:\/\/www.chateau-scandaillac.fr\/en\/search-for-availability\/","og_site_name":"Ch\u00e2teau de Scandaillac","article_modified_time":"2025-04-15T17:35:14+00:00","twitter_card":"summary_large_image","schema":{"@context":"https:\/\/schema.org","@graph":[{"@type":"WebPage","@id":"https:\/\/www.chateau-scandaillac.fr\/en\/search-for-availability\/","url":"https:\/\/www.chateau-scandaillac.fr\/en\/search-for-availability\/","name":"Search for availability - Ch\u00e2teau de Scandaillac","isPartOf":{"@id":"https:\/\/www.chateau-scandaillac.fr\/en\/#website"},"datePublished":"2021-08-23T22:16:57+00:00","dateModified":"2025-04-15T17:35:14+00:00","breadcrumb":{"@id":"https:\/\/www.chateau-scandaillac.fr\/en\/search-for-availability\/#breadcrumb"},"inLanguage":"en-US","potentialAction":[{"@type":"ReadAction","target":["https:\/\/www.chateau-scandaillac.fr\/en\/search-for-availability\/"]}]},{"@type":"BreadcrumbList","@id":"https:\/\/www.chateau-scandaillac.fr\/en\/search-for-availability\/#breadcrumb","itemListElement":[{"@type":"ListItem","position":1,"name":"Home","item":"https:\/\/www.chateau-scandaillac.fr\/en\/home\/"},{"@type":"ListItem","position":2,"name":"Search for availability"}]},{"@type":"WebSite","@id":"https:\/\/www.chateau-scandaillac.fr\/en\/#website","url":"https:\/\/www.chateau-scandaillac.fr\/en\/","name":"Ch\u00e2teau de Scandaillac","description":"","publisher":{"@id":"https:\/\/www.chateau-scandaillac.fr\/en\/#organization"},"potentialAction":[{"@type":"SearchAction","target":{"@type":"EntryPoint","urlTemplate":"https:\/\/www.chateau-scandaillac.fr\/en\/?s={search_term_string}"},"query-input":{"@type":"PropertyValueSpecification","valueRequired":true,"valueName":"search_term_string"}}],"inLanguage":"en-US"},{"@type":"Organization","@id":"https:\/\/www.chateau-scandaillac.fr\/en\/#organization","name":"Ch\u00e2teau de Scandaillac","url":"https:\/\/www.chateau-scandaillac.fr\/en\/","logo":{"@type":"ImageObject","inLanguage":"en-US","@id":"https:\/\/www.chateau-scandaillac.fr\/en\/#\/schema\/logo\/image\/","url":"https:\/\/www.chateau-scandaillac.fr\/wp-content\/uploads\/2021\/11\/chateau-scandaillac-logo-black.png","contentUrl":"https:\/\/www.chateau-scandaillac.fr\/wp-content\/uploads\/2021\/11\/chateau-scandaillac-logo-black.png","width":706,"height":227,"caption":"Ch\u00e2teau de Scandaillac"},"image":{"@id":"https:\/\/www.chateau-scandaillac.fr\/en\/#\/schema\/logo\/image\/"}}]}},"_links":{"self":[{"href":"https:\/\/www.chateau-scandaillac.fr\/en\/wp-json\/wp\/v2\/pages\/6276","targetHints":{"allow":["GET"]}}],"collection":[{"href":"https:\/\/www.chateau-scandaillac.fr\/en\/wp-json\/wp\/v2\/pages"}],"about":[{"href":"https:\/\/www.chateau-scandaillac.fr\/en\/wp-json\/wp\/v2\/types\/page"}],"author":[{"embeddable":true,"href":"https:\/\/www.chateau-scandaillac.fr\/en\/wp-json\/wp\/v2\/users\/1"}],"replies":[{"embeddable":true,"href":"https:\/\/www.chateau-scandaillac.fr\/en\/wp-json\/wp\/v2\/comments?post=6276"}],"version-history":[{"count":1,"href":"https:\/\/www.chateau-scandaillac.fr\/en\/wp-json\/wp\/v2\/pages\/6276\/revisions"}],"predecessor-version":[{"id":6277,"href":"https:\/\/www.chateau-scandaillac.fr\/en\/wp-json\/wp\/v2\/pages\/6276\/revisions\/6277"}],"wp:attachment":[{"href":"https:\/\/www.chateau-scandaillac.fr\/en\/wp-json\/wp\/v2\/media?parent=6276"}],"curies":[{"name":"wp","href":"https:\/\/api.w.org\/{rel}","templated":true}]}}